{"id":100,"date":"2020-02-24T16:27:36","date_gmt":"2020-02-24T16:27:36","guid":{"rendered":"https:\/\/malerbetrieb-weserland.de\/?page_id=100"},"modified":"2020-02-24T16:29:10","modified_gmt":"2020-02-24T16:29:10","slug":"datenschutzerklaerung","status":"publish","type":"page","link":"https:\/\/malerbetrieb-weserland.de\/?page_id=100","title":{"rendered":"Datenschutzerkl\u00e4rung"},"content":{"rendered":"\t\t<div data-elementor-type=\"wp-page\" data-elementor-id=\"100\" class=\"elementor elementor-100\">\n\t\t\t\t\t\t<section class=\"elementor-section elementor-top-section elementor-element elementor-element-4fd3ad3 elementor-section-boxed elementor-section-height-default elementor-section-height-default\" data-id=\"4fd3ad3\" data-element_type=\"section\" data-e-type=\"section\">\n\t\t\t\t\t\t<div class=\"elementor-container elementor-column-gap-default\">\n\t\t\t\t\t<div class=\"elementor-column elementor-col-100 elementor-top-column elementor-element elementor-element-36d6b10\" data-id=\"36d6b10\" data-element_type=\"column\" data-e-type=\"column\">\n\t\t\t<div class=\"elementor-widget-wrap elementor-element-populated\">\n\t\t\t\t\t\t<div class=\"elementor-element elementor-element-7dc90cc elementor-widget elementor-widget-text-editor\" data-id=\"7dc90cc\" data-element_type=\"widget\" data-e-type=\"widget\" data-widget_type=\"text-editor.default\">\n\t\t\t\t<div class=\"elementor-widget-container\">\n\t\t\t\t\t\t\t\t\t<h4>Datenschutzerkl\u00e4rung<\/h4><p><strong>Grundlegendes<\/strong><br \/><br \/>Diese Datenschutzerkl\u00e4rung soll die Nutzer dieser Website \u00fcber die Art, den Umfang und den Zweck der Erhebung und Verwendung personenbezogener Daten durch den Websitebetreiber Malerbetrieb Weserland GmbH informieren.<br \/><br \/>Der Websitebetreiber nimmt Ihren Datenschutz sehr ernst und behandelt Ihre personenbezogenen Daten vertraulich und entsprechend der gesetzlichen Vorschriften. Da durch neue Technologien und die st\u00e4ndige Weiterentwicklung dieser Webseite \u00c4nderungen an dieser Datenschutzerkl\u00e4rung vorgenommen werden k\u00f6nnen, empfehlen wir Ihnen sich die Datenschutzerkl\u00e4rung in regelm\u00e4\u00dfigen Abst\u00e4nden wieder durchzulesen.<br \/><br \/>Definitionen der verwendeten Begriffe (z.B. \u201cpersonenbezogene Daten\u201d oder \u201cVerarbeitung\u201d) finden Sie in Art. 4 DSGVO.<br \/><br \/><strong>Zugriffsdaten<\/strong><br \/><br \/>Wir, der Websitebetreiber bzw. Seitenprovider, erheben aufgrund unseres berechtigten Interesses (s. Art. 6 Abs. 1 lit. f. DSGVO) Daten \u00fcber Zugriffe auf die Website und speichern diese als \u201eServer-Logfiles\u201c auf dem Server der Website ab. Folgende Daten werden so protokolliert:<br \/><br \/>\u00a0\u00a0<\/p><ul><li><p>Besuchte Website<\/p><\/li><li><p>Uhrzeit zum Zeitpunkt des Zugriffes<\/p><\/li><li><p>Menge der gesendeten Daten in Byte<\/p><\/li><li><p>Quelle\/Verweis, von welchem Sie auf die Seite gelangten<\/p><\/li><li><p>Verwendeter Browser<\/p><\/li><li><p>Verwendetes Betriebssystem<\/p><\/li><li><p>Verwendete IP-Adresse<\/p><\/li><\/ul><p>Die Server-Logfiles werden f\u00fcr maximal 7 Tage gespeichert und anschlie\u00dfend gel\u00f6scht. Die Speicherung der Daten erfolgt aus Sicherheitsgr\u00fcnden, um z. B. Missbrauchsf\u00e4lle aufkl\u00e4ren zu k\u00f6nnen. M\u00fcssen Daten aus Beweisgr\u00fcnden aufgehoben werden, sind sie solange von der L\u00f6schung ausgenommen bis der Vorfall endg\u00fcltig gekl\u00e4rt ist.<br \/><br \/><strong>Umgang mit Kontaktdaten<\/strong><br \/><br \/>Nehmen Sie mit uns als Websitebetreiber durch die angebotenen Kontaktm\u00f6glichkeiten Verbindung auf, werden Ihre Angaben gespeichert, damit auf diese zur Bearbeitung und Beantwortung Ihrer Anfrage zur\u00fcckgegriffen werden kann.<br \/><br \/>Ohne Ihre Einwilligung werden diese Daten nicht an Dritte weitergegeben.<br \/><br \/><strong>Dauer der Verarbeitung<\/strong><br \/><br \/>Wenn in dieser Datenschutzerkl\u00e4rung nichts anderes angegeben ist, l\u00f6schen wir personenbezogene Daten, sobald ihre Speicherung zur Erf\u00fcllung der mit ihr verfolgten Zweckbestimmung nicht mehr erforderlich ist und der L\u00f6schung keine gesetzlichen Aufbewahrungspflichten entgegenstehen. Ob die Aufbewahrung personenbezogener Daten erforderlich ist, pr\u00fcfen wir im Abstand von jeweils drei Jahren.<br \/><br \/><strong>Rechte des Nutzers: Auskunft, Berichtigung und L\u00f6schung<\/strong><br \/><br \/>Sie als Nutzer erhalten auf Antrag Ihrerseits kostenlose Auskunft dar\u00fcber, welche personenbezogenen Daten \u00fcber Sie gespeichert wurden. Sofern Ihr Wunsch nicht mit einer gesetzlichen Pflicht zur Aufbewahrung von Daten<br \/><br \/>(z. B. Vorratsdatenspeicherung) kollidiert, haben Sie ein Anrecht auf Berichtigung falscher Daten und<br \/><br \/>auf die Sperrung oder L\u00f6schung Ihrer personenbezogenen Daten.<\/p>\t\t\t\t\t\t\t\t<\/div>\n\t\t\t\t<\/div>\n\t\t\t\t\t<\/div>\n\t\t<\/div>\n\t\t\t\t\t<\/div>\n\t\t<\/section>\n\t\t\t\t<\/div>\n\t\t","protected":false},"excerpt":{"rendered":"<p>Datenschutzerkl\u00e4rung Grundlegendes Diese Datenschutzerkl\u00e4rung soll die Nutzer dieser Website \u00fcber die Art, den Umfang und den Zweck der Erhebung und Verwendung personenbezogener Daten durch den Websitebetreiber Malerbetrieb Weserland GmbH informieren. Der Websitebetreiber nimmt Ihren Datenschutz sehr ernst und behandelt Ihre personenbezogenen Daten vertraulich und entsprechend der gesetzlichen Vorschriften. Da durch neue Technologien und die st\u00e4ndige <a class=\"read-more\" href=\"https:\/\/malerbetrieb-weserland.de\/?page_id=100\">Read More<\/a><\/p>\n","protected":false},"author":1,"featured_media":0,"parent":0,"menu_order":0,"comment_status":"closed","ping_status":"closed","template":"","meta":{"footnotes":""},"class_list":["post-100","page","type-page","status-publish","hentry"],"_links":{"self":[{"href":"https:\/\/malerbetrieb-weserland.de\/index.php?rest_route=\/wp\/v2\/pages\/100","targetHints":{"allow":["GET"]}}],"collection":[{"href":"https:\/\/malerbetrieb-weserland.de\/index.php?rest_route=\/wp\/v2\/pages"}],"about":[{"href":"https:\/\/malerbetrieb-weserland.de\/index.php?rest_route=\/wp\/v2\/types\/page"}],"author":[{"embeddable":true,"href":"https:\/\/malerbetrieb-weserland.de\/index.php?rest_route=\/wp\/v2\/users\/1"}],"replies":[{"embeddable":true,"href":"https:\/\/malerbetrieb-weserland.de\/index.php?rest_route=%2Fwp%2Fv2%2Fcomments&post=100"}],"version-history":[{"count":4,"href":"https:\/\/malerbetrieb-weserland.de\/index.php?rest_route=\/wp\/v2\/pages\/100\/revisions"}],"predecessor-version":[{"id":105,"href":"https:\/\/malerbetrieb-weserland.de\/index.php?rest_route=\/wp\/v2\/pages\/100\/revisions\/105"}],"wp:attachment":[{"href":"https:\/\/malerbetrieb-weserland.de\/index.php?rest_route=%2Fwp%2Fv2%2Fmedia&parent=100"}],"curies":[{"name":"wp","href":"https:\/\/api.w.org\/{rel}","templated":true}]}}