{"id":87,"date":"2020-02-24T16:13:56","date_gmt":"2020-02-24T16:13:56","guid":{"rendered":"https:\/\/malerbetrieb-weserland.de\/?page_id=87"},"modified":"2021-01-25T08:52:37","modified_gmt":"2021-01-25T08:52:37","slug":"impressum","status":"publish","type":"page","link":"https:\/\/malerbetrieb-weserland.de\/?page_id=87","title":{"rendered":"Impressum"},"content":{"rendered":"\t\t<div data-elementor-type=\"wp-page\" data-elementor-id=\"87\" class=\"elementor elementor-87\">\n\t\t\t\t\t\t<section class=\"elementor-section elementor-top-section elementor-element elementor-element-ba8f9b1 elementor-section-boxed elementor-section-height-default elementor-section-height-default\" data-id=\"ba8f9b1\" data-element_type=\"section\" data-e-type=\"section\">\n\t\t\t\t\t\t<div class=\"elementor-container elementor-column-gap-default\">\n\t\t\t\t\t<div class=\"elementor-column elementor-col-100 elementor-top-column elementor-element elementor-element-01432d0\" data-id=\"01432d0\" data-element_type=\"column\" data-e-type=\"column\">\n\t\t\t<div class=\"elementor-widget-wrap elementor-element-populated\">\n\t\t\t\t\t\t<div class=\"elementor-element elementor-element-29f49e8 elementor-widget elementor-widget-image\" data-id=\"29f49e8\" data-element_type=\"widget\" data-e-type=\"widget\" data-widget_type=\"image.default\">\n\t\t\t\t<div class=\"elementor-widget-container\">\n\t\t\t\t\t\t\t\t\t\t\t\t\t\t\t<img decoding=\"async\" width=\"300\" height=\"121\" src=\"https:\/\/malerbetrieb-weserland.de\/wp-content\/uploads\/2020\/02\/malerinnung-300x121-1.jpg\" class=\"attachment-large size-large wp-image-91\" alt=\"\" \/>\t\t\t\t\t\t\t\t\t\t\t\t\t\t\t<\/div>\n\t\t\t\t<\/div>\n\t\t\t\t<div class=\"elementor-element elementor-element-c52e27d elementor-widget elementor-widget-text-editor\" data-id=\"c52e27d\" data-element_type=\"widget\" data-e-type=\"widget\" data-widget_type=\"text-editor.default\">\n\t\t\t\t<div class=\"elementor-widget-container\">\n\t\t\t\t\t\t\t\t\t<h6 style=\"text-align: left;\">Angaben gem\u00e4\u00df \u00a7 5 TMG:<\/h6>\n<h6>Malerbetrieb WESERLAND GmbH<br>Bahnhofstra\u00dfe 6<br>31582 Nienburg \/ Weser<\/h6>\n<p>Vertreten durch:<\/p>\n<p>Gesch\u00e4ftsf\u00fchrer R\u00fczgar \u00d6gl\u00fc<\/p>\n<p><\/p>\n<p>Kontakt:<br>Telefon: +49 (0) 5021 8877333<br>Telefax: +49 (0) 5021 8877334<br>E-Mail: info@malerbetrieb-weserland.de<\/p>\n<p>Sitz der Gesellschaft:<br>Nienburg\/Weser<\/p>\n<p>Aufsichtsbeh\u00f6rde:<br>Handwerkskammer Hannover<\/p>\n<p><\/p>\n<p>Registergericht: Amtsgericht Walsrode<br><\/p><p>Handeslregister HRB 205933\n<\/p><p>Berufsrechtliche Regelung :<br>Handwerksordnung bei der Maler- u. Lackierer- Innung<\/p>\n<p>Umsatzsteuer- Identifikatinsnummer gem\u00e4\u00df \u00a727a Umsatzsteuergesetz:<\/p>\n<p>USt-IdNr. DE 303 914 942<\/p>\n<p><\/p>\t\t\t\t\t\t\t\t<\/div>\n\t\t\t\t<\/div>\n\t\t\t\t\t<\/div>\n\t\t<\/div>\n\t\t\t\t\t<\/div>\n\t\t<\/section>\n\t\t\t\t<\/div>\n\t\t","protected":false},"excerpt":{"rendered":"<p>Angaben gem\u00e4\u00df \u00a7 5 TMG: Malerbetrieb WESERLAND GmbHBahnhofstra\u00dfe 631582 Nienburg \/ Weser Vertreten durch: Gesch\u00e4ftsf\u00fchrer R\u00fczgar \u00d6gl\u00fc Kontakt:Telefon: +49 (0) 5021 8877333Telefax: +49 (0) 5021 8877334E-Mail: info@malerbetrieb-weserland.de Sitz der Gesellschaft:Nienburg\/Weser Aufsichtsbeh\u00f6rde:Handwerkskammer Hannover Registergericht: Amtsgericht Walsrode Handeslregister HRB 205933 Berufsrechtliche Regelung :Handwerksordnung bei der Maler- u. Lackierer- Innung Umsatzsteuer- Identifikatinsnummer gem\u00e4\u00df \u00a727a Umsatzsteuergesetz: USt-IdNr. DE 303 <a class=\"read-more\" href=\"https:\/\/malerbetrieb-weserland.de\/?page_id=87\">Read More<\/a><\/p>\n","protected":false},"author":1,"featured_media":0,"parent":0,"menu_order":0,"comment_status":"closed","ping_status":"closed","template":"","meta":{"footnotes":""},"class_list":["post-87","page","type-page","status-publish","hentry"],"_links":{"self":[{"href":"https:\/\/malerbetrieb-weserland.de\/index.php?rest_route=\/wp\/v2\/pages\/87","targetHints":{"allow":["GET"]}}],"collection":[{"href":"https:\/\/malerbetrieb-weserland.de\/index.php?rest_route=\/wp\/v2\/pages"}],"about":[{"href":"https:\/\/malerbetrieb-weserland.de\/index.php?rest_route=\/wp\/v2\/types\/page"}],"author":[{"embeddable":true,"href":"https:\/\/malerbetrieb-weserland.de\/index.php?rest_route=\/wp\/v2\/users\/1"}],"replies":[{"embeddable":true,"href":"https:\/\/malerbetrieb-weserland.de\/index.php?rest_route=%2Fwp%2Fv2%2Fcomments&post=87"}],"version-history":[{"count":13,"href":"https:\/\/malerbetrieb-weserland.de\/index.php?rest_route=\/wp\/v2\/pages\/87\/revisions"}],"predecessor-version":[{"id":121,"href":"https:\/\/malerbetrieb-weserland.de\/index.php?rest_route=\/wp\/v2\/pages\/87\/revisions\/121"}],"wp:attachment":[{"href":"https:\/\/malerbetrieb-weserland.de\/index.php?rest_route=%2Fwp%2Fv2%2Fmedia&parent=87"}],"curies":[{"name":"wp","href":"https:\/\/api.w.org\/{rel}","templated":true}]}}